{"id":2050,"date":"2022-02-26T16:42:54","date_gmt":"2022-02-26T15:42:54","guid":{"rendered":"https:\/\/zakk.alias-zhaw.ch\/?page_id=2050"},"modified":"2022-05-31T22:39:09","modified_gmt":"2022-05-31T20:39:09","slug":"zakk-tipp","status":"publish","type":"page","link":"https:\/\/zakk.alias-zhaw.ch\/index.php\/zakk-tipp\/","title":{"rendered":"ZAKK-Tipp"},"content":{"rendered":"\t\t<div data-elementor-type=\"wp-page\" data-elementor-id=\"2050\" class=\"elementor elementor-2050\" data-elementor-post-type=\"page\">\n\t\t\t\t\t\t<section class=\"elementor-section elementor-top-section elementor-element elementor-element-70838c93 elementor-reverse-mobile elementor-section-boxed elementor-section-height-default elementor-section-height-default\" data-id=\"70838c93\" data-element_type=\"section\">\n\t\t\t\t\t\t<div class=\"elementor-container elementor-column-gap-default\">\n\t\t\t\t\t<div class=\"elementor-column elementor-col-25 elementor-top-column elementor-element elementor-element-3fd04e08\" data-id=\"3fd04e08\" data-element_type=\"column\">\n\t\t\t<div class=\"elementor-widget-wrap elementor-element-populated\">\n\t\t\t\t\t\t<div class=\"elementor-element elementor-element-f19b795 elementor-widget elementor-widget-theme-site-logo elementor-widget-image\" data-id=\"f19b795\" data-element_type=\"widget\" data-widget_type=\"theme-site-logo.default\">\n\t\t\t\t<div class=\"elementor-widget-container\">\n\t\t\t\t\t\t\t\t\t\t\t<a href=\"https:\/\/zakk.alias-zhaw.ch\">\n\t\t\t<img fetchpriority=\"high\" decoding=\"async\" width=\"978\" height=\"513\" src=\"https:\/\/zakk.alias-zhaw.ch\/wp-content\/uploads\/2021\/09\/Zakk_Logo.jpg\" class=\"attachment-full size-full wp-image-3342\" alt=\"\" srcset=\"https:\/\/zakk.alias-zhaw.ch\/wp-content\/uploads\/2021\/09\/Zakk_Logo.jpg 978w, https:\/\/zakk.alias-zhaw.ch\/wp-content\/uploads\/2021\/09\/Zakk_Logo-300x157.jpg 300w, https:\/\/zakk.alias-zhaw.ch\/wp-content\/uploads\/2021\/09\/Zakk_Logo-768x403.jpg 768w\" sizes=\"(max-width: 978px) 100vw, 978px\" \/>\t\t\t\t<\/a>\n\t\t\t\t\t\t\t\t\t\t\t<\/div>\n\t\t\t\t<\/div>\n\t\t\t\t\t<\/div>\n\t\t<\/div>\n\t\t\t\t<div class=\"elementor-column elementor-col-50 elementor-top-column elementor-element elementor-element-1b1df753\" data-id=\"1b1df753\" data-element_type=\"column\">\n\t\t\t<div class=\"elementor-widget-wrap elementor-element-populated\">\n\t\t\t\t\t\t<div class=\"elementor-element elementor-element-776666fd elementor-nav-menu__align-center elementor-nav-menu--dropdown-tablet elementor-nav-menu__text-align-aside elementor-nav-menu--toggle elementor-nav-menu--burger elementor-widget elementor-widget-global elementor-global-1718 elementor-widget-nav-menu\" data-id=\"776666fd\" data-element_type=\"widget\" data-settings=\"{&quot;layout&quot;:&quot;horizontal&quot;,&quot;submenu_icon&quot;:{&quot;value&quot;:&quot;fas fa-caret-down&quot;,&quot;library&quot;:&quot;fa-solid&quot;},&quot;toggle&quot;:&quot;burger&quot;}\" data-widget_type=\"nav-menu.default\">\n\t\t\t\t<div class=\"elementor-widget-container\">\n\t\t\t\t\t\t\t\t<nav aria-label=\"Men\u00fc\" class=\"elementor-nav-menu--main elementor-nav-menu__container elementor-nav-menu--layout-horizontal e--pointer-underline e--animation-fade\">\n\t\t\t\t<ul id=\"menu-1-776666fd\" class=\"elementor-nav-menu\"><li class=\"menu-item menu-item-type-post_type menu-item-object-page menu-item-has-children menu-item-77\"><a href=\"https:\/\/zakk.alias-zhaw.ch\/index.php\/talks\/\" class=\"elementor-item\">Podcasts<\/a>\n<ul class=\"sub-menu elementor-nav-menu--dropdown\">\n\t<li class=\"menu-item menu-item-type-post_type menu-item-object-page menu-item-3486\"><a href=\"https:\/\/zakk.alias-zhaw.ch\/index.php\/musik\/\" class=\"elementor-sub-item\">Musik<\/a><\/li>\n\t<li class=\"menu-item menu-item-type-post_type menu-item-object-page menu-item-3417\"><a href=\"https:\/\/zakk.alias-zhaw.ch\/index.php\/talks\/sport\/\" class=\"elementor-sub-item\">Sport<\/a><\/li>\n\t<li class=\"menu-item menu-item-type-post_type menu-item-object-page menu-item-3517\"><a href=\"https:\/\/zakk.alias-zhaw.ch\/index.php\/__trashed-2\/\" class=\"elementor-sub-item\">Talk<\/a><\/li>\n\t<li class=\"menu-item menu-item-type-post_type menu-item-object-page menu-item-3521\"><a href=\"https:\/\/zakk.alias-zhaw.ch\/index.php\/__trashed\/\" class=\"elementor-sub-item\">Wissen<\/a><\/li>\n<\/ul>\n<\/li>\n<li class=\"menu-item menu-item-type-post_type menu-item-object-page menu-item-72\"><a href=\"https:\/\/zakk.alias-zhaw.ch\/index.php\/kultur-freizeit\/\" class=\"elementor-item\">Kultur &#038; Freizeit<\/a><\/li>\n<li class=\"menu-item menu-item-type-post_type menu-item-object-page menu-item-76\"><a href=\"https:\/\/zakk.alias-zhaw.ch\/index.php\/kolumnen\/\" class=\"elementor-item\">Kolumnen &#038; Satire<\/a><\/li>\n<li class=\"menu-item menu-item-type-post_type menu-item-object-page menu-item-2204\"><a href=\"https:\/\/zakk.alias-zhaw.ch\/index.php\/zakk-tipp\/\" class=\"elementor-item\">ZAKK-Tipp<\/a><\/li>\n<li class=\"menu-item menu-item-type-post_type menu-item-object-page menu-item-2205\"><a href=\"https:\/\/zakk.alias-zhaw.ch\/index.php\/nachhaltigkeit\/\" class=\"elementor-item\">Nachhaltigkeit<\/a><\/li>\n<li class=\"menu-item menu-item-type-post_type menu-item-object-page menu-item-has-children menu-item-223\"><a href=\"https:\/\/zakk.alias-zhaw.ch\/index.php\/wissen-2\/\" class=\"elementor-item\">Wissen<\/a>\n<ul class=\"sub-menu elementor-nav-menu--dropdown\">\n\t<li class=\"menu-item menu-item-type-post_type menu-item-object-page menu-item-78\"><a href=\"https:\/\/zakk.alias-zhaw.ch\/index.php\/campus\/\" class=\"elementor-sub-item\">Campus<\/a><\/li>\n<\/ul>\n<\/li>\n<li class=\"menu-item menu-item-type-post_type menu-item-object-page menu-item-79\"><a href=\"https:\/\/zakk.alias-zhaw.ch\/index.php\/mach-mit\/\" class=\"elementor-item\">Mach mit!<\/a><\/li>\n<\/ul>\t\t\t<\/nav>\n\t\t\t\t\t<div class=\"elementor-menu-toggle\" role=\"button\" tabindex=\"0\" aria-label=\"Menu Toggle\" aria-expanded=\"false\">\n\t\t\t<i aria-hidden=\"true\" role=\"presentation\" class=\"elementor-menu-toggle__icon--open eicon-menu-bar\"><\/i><i aria-hidden=\"true\" role=\"presentation\" class=\"elementor-menu-toggle__icon--close eicon-close\"><\/i>\t\t<\/div>\n\t\t\t\t\t<nav class=\"elementor-nav-menu--dropdown elementor-nav-menu__container\" aria-hidden=\"true\">\n\t\t\t\t<ul id=\"menu-2-776666fd\" class=\"elementor-nav-menu\"><li class=\"menu-item menu-item-type-post_type menu-item-object-page menu-item-has-children menu-item-77\"><a href=\"https:\/\/zakk.alias-zhaw.ch\/index.php\/talks\/\" class=\"elementor-item\" tabindex=\"-1\">Podcasts<\/a>\n<ul class=\"sub-menu elementor-nav-menu--dropdown\">\n\t<li class=\"menu-item menu-item-type-post_type menu-item-object-page menu-item-3486\"><a href=\"https:\/\/zakk.alias-zhaw.ch\/index.php\/musik\/\" class=\"elementor-sub-item\" tabindex=\"-1\">Musik<\/a><\/li>\n\t<li class=\"menu-item menu-item-type-post_type menu-item-object-page menu-item-3417\"><a href=\"https:\/\/zakk.alias-zhaw.ch\/index.php\/talks\/sport\/\" class=\"elementor-sub-item\" tabindex=\"-1\">Sport<\/a><\/li>\n\t<li class=\"menu-item menu-item-type-post_type menu-item-object-page menu-item-3517\"><a href=\"https:\/\/zakk.alias-zhaw.ch\/index.php\/__trashed-2\/\" class=\"elementor-sub-item\" tabindex=\"-1\">Talk<\/a><\/li>\n\t<li class=\"menu-item menu-item-type-post_type menu-item-object-page menu-item-3521\"><a href=\"https:\/\/zakk.alias-zhaw.ch\/index.php\/__trashed\/\" class=\"elementor-sub-item\" tabindex=\"-1\">Wissen<\/a><\/li>\n<\/ul>\n<\/li>\n<li class=\"menu-item menu-item-type-post_type menu-item-object-page menu-item-72\"><a href=\"https:\/\/zakk.alias-zhaw.ch\/index.php\/kultur-freizeit\/\" class=\"elementor-item\" tabindex=\"-1\">Kultur &#038; Freizeit<\/a><\/li>\n<li class=\"menu-item menu-item-type-post_type menu-item-object-page menu-item-76\"><a href=\"https:\/\/zakk.alias-zhaw.ch\/index.php\/kolumnen\/\" class=\"elementor-item\" tabindex=\"-1\">Kolumnen &#038; Satire<\/a><\/li>\n<li class=\"menu-item menu-item-type-post_type menu-item-object-page menu-item-2204\"><a href=\"https:\/\/zakk.alias-zhaw.ch\/index.php\/zakk-tipp\/\" class=\"elementor-item\" tabindex=\"-1\">ZAKK-Tipp<\/a><\/li>\n<li class=\"menu-item menu-item-type-post_type menu-item-object-page menu-item-2205\"><a href=\"https:\/\/zakk.alias-zhaw.ch\/index.php\/nachhaltigkeit\/\" class=\"elementor-item\" tabindex=\"-1\">Nachhaltigkeit<\/a><\/li>\n<li class=\"menu-item menu-item-type-post_type menu-item-object-page menu-item-has-children menu-item-223\"><a href=\"https:\/\/zakk.alias-zhaw.ch\/index.php\/wissen-2\/\" class=\"elementor-item\" tabindex=\"-1\">Wissen<\/a>\n<ul class=\"sub-menu elementor-nav-menu--dropdown\">\n\t<li class=\"menu-item menu-item-type-post_type menu-item-object-page menu-item-78\"><a href=\"https:\/\/zakk.alias-zhaw.ch\/index.php\/campus\/\" class=\"elementor-sub-item\" tabindex=\"-1\">Campus<\/a><\/li>\n<\/ul>\n<\/li>\n<li class=\"menu-item menu-item-type-post_type menu-item-object-page menu-item-79\"><a href=\"https:\/\/zakk.alias-zhaw.ch\/index.php\/mach-mit\/\" class=\"elementor-item\" tabindex=\"-1\">Mach mit!<\/a><\/li>\n<\/ul>\t\t\t<\/nav>\n\t\t\t\t\t\t<\/div>\n\t\t\t\t<\/div>\n\t\t\t\t\t<\/div>\n\t\t<\/div>\n\t\t\t\t<div class=\"elementor-column elementor-col-25 elementor-top-column elementor-element elementor-element-7e3dcf2a\" data-id=\"7e3dcf2a\" data-element_type=\"column\">\n\t\t\t<div class=\"elementor-widget-wrap elementor-element-populated\">\n\t\t\t\t\t\t<div class=\"elementor-element elementor-element-5879a9d8 elementor-search-form--skin-full_screen elementor-widget elementor-widget-global elementor-global-1618 elementor-widget-search-form\" data-id=\"5879a9d8\" data-element_type=\"widget\" data-settings=\"{&quot;skin&quot;:&quot;full_screen&quot;,&quot;_animation&quot;:&quot;none&quot;}\" data-widget_type=\"search-form.default\">\n\t\t\t\t<div class=\"elementor-widget-container\">\n\t\t\t\t\t\t\t<search role=\"search\">\n\t\t\t<form class=\"elementor-search-form\" action=\"https:\/\/zakk.alias-zhaw.ch\" method=\"get\">\n\t\t\t\t\t\t\t\t\t\t\t\t<div class=\"elementor-search-form__toggle\" role=\"button\" tabindex=\"0\" aria-label=\"Suche\">\n\t\t\t\t\t<i aria-hidden=\"true\" class=\"fas fa-search\"><\/i>\t\t\t\t<\/div>\n\t\t\t\t\t\t\t\t<div class=\"elementor-search-form__container\">\n\t\t\t\t\t<label class=\"elementor-screen-only\" for=\"elementor-search-form-5879a9d8\">Suche<\/label>\n\n\t\t\t\t\t\n\t\t\t\t\t<input id=\"elementor-search-form-5879a9d8\" placeholder=\"Suchen...\" class=\"elementor-search-form__input\" type=\"search\" name=\"s\" value=\"\">\n\t\t\t\t\t\n\t\t\t\t\t\n\t\t\t\t\t\t\t\t\t\t<div class=\"dialog-lightbox-close-button dialog-close-button\" role=\"button\" tabindex=\"0\" aria-label=\"Close this search box.\">\n\t\t\t\t\t\t<i aria-hidden=\"true\" class=\"eicon-close\"><\/i>\t\t\t\t\t<\/div>\n\t\t\t\t\t\t\t\t\t<\/div>\n\t\t\t<\/form>\n\t\t<\/search>\n\t\t\t\t\t\t<\/div>\n\t\t\t\t<\/div>\n\t\t\t\t\t<\/div>\n\t\t<\/div>\n\t\t\t\t\t<\/div>\n\t\t<\/section>\n\t\t\t\t<section class=\"elementor-section elementor-top-section elementor-element elementor-element-e08ccc1 elementor-section-boxed elementor-section-height-default elementor-section-height-default\" data-id=\"e08ccc1\" data-element_type=\"section\">\n\t\t\t\t\t\t<div class=\"elementor-container elementor-column-gap-default\">\n\t\t\t\t\t<div class=\"elementor-column elementor-col-100 elementor-top-column elementor-element elementor-element-4b5f7a47\" data-id=\"4b5f7a47\" data-element_type=\"column\">\n\t\t\t<div class=\"elementor-widget-wrap elementor-element-populated\">\n\t\t\t\t\t\t<div class=\"elementor-element elementor-element-f5b763a elementor-widget elementor-widget-heading\" data-id=\"f5b763a\" data-element_type=\"widget\" data-widget_type=\"heading.default\">\n\t\t\t\t<div class=\"elementor-widget-container\">\n\t\t\t\t\t<h1 class=\"elementor-heading-title elementor-size-default\">ZAKK-Tipp<\/h1>\t\t\t\t<\/div>\n\t\t\t\t<\/div>\n\t\t\t\t<div class=\"elementor-element elementor-element-1a4ad102 elementor-widget elementor-widget-spacer\" data-id=\"1a4ad102\" data-element_type=\"widget\" data-widget_type=\"spacer.default\">\n\t\t\t\t<div class=\"elementor-widget-container\">\n\t\t\t\t\t\t\t<div class=\"elementor-spacer\">\n\t\t\t<div class=\"elementor-spacer-inner\"><\/div>\n\t\t<\/div>\n\t\t\t\t\t\t<\/div>\n\t\t\t\t<\/div>\n\t\t\t\t<div class=\"elementor-element elementor-element-329cd80 elementor-widget elementor-widget-text-editor\" data-id=\"329cd80\" data-element_type=\"widget\" data-widget_type=\"text-editor.default\">\n\t\t\t\t<div class=\"elementor-widget-container\">\n\t\t\t\t\t\t\t\t\t<h4>Von Filmen \u00fcber B\u00fccher bis hin zu Podcasts &#8211; hier erf\u00e4hrst du unsere heissesten Tipps, was gerade zu sehen, lesen und h\u00f6ren ist.<br \/>Viel Spass!<\/h4>\t\t\t\t\t\t\t\t<\/div>\n\t\t\t\t<\/div>\n\t\t\t\t<div class=\"elementor-element elementor-element-c7f3d81 elementor-grid-2 elementor-grid-tablet-2 elementor-grid-mobile-1 elementor-posts--thumbnail-top elementor-widget elementor-widget-posts\" data-id=\"c7f3d81\" data-element_type=\"widget\" data-settings=\"{&quot;classic_columns&quot;:&quot;2&quot;,&quot;classic_columns_tablet&quot;:&quot;2&quot;,&quot;classic_columns_mobile&quot;:&quot;1&quot;,&quot;classic_row_gap&quot;:{&quot;unit&quot;:&quot;px&quot;,&quot;size&quot;:35,&quot;sizes&quot;:[]},&quot;classic_row_gap_tablet&quot;:{&quot;unit&quot;:&quot;px&quot;,&quot;size&quot;:&quot;&quot;,&quot;sizes&quot;:[]},&quot;classic_row_gap_mobile&quot;:{&quot;unit&quot;:&quot;px&quot;,&quot;size&quot;:&quot;&quot;,&quot;sizes&quot;:[]}}\" data-widget_type=\"posts.classic\">\n\t\t\t\t<div class=\"elementor-widget-container\">\n\t\t\t\t\t\t\t<div class=\"elementor-posts-container elementor-posts elementor-posts--skin-classic elementor-grid\">\n\t\t\t\t<article class=\"elementor-post elementor-grid-item post-4428 post type-post status-publish format-standard has-post-thumbnail hentry category-allgemein category-artikel category-kultur-freizeit category-zakk-tipp\">\n\t\t\t\t<a class=\"elementor-post__thumbnail__link\" href=\"https:\/\/zakk.alias-zhaw.ch\/index.php\/2025\/01\/26\/cluedo-im-vatikan\/\" tabindex=\"-1\" >\n\t\t\t<div class=\"elementor-post__thumbnail\"><img decoding=\"async\" width=\"1920\" height=\"864\" src=\"https:\/\/zakk.alias-zhaw.ch\/wp-content\/uploads\/2025\/01\/1CONCLAVE_FOTO1.jpg\" class=\"attachment-full size-full wp-image-4429\" alt=\"\" \/><\/div>\n\t\t<\/a>\n\t\t\t\t<div class=\"elementor-post__text\">\n\t\t\t\t<h3 class=\"elementor-post__title\">\n\t\t\t<a href=\"https:\/\/zakk.alias-zhaw.ch\/index.php\/2025\/01\/26\/cluedo-im-vatikan\/\" >\n\t\t\t\tCluedo im Vatikan\t\t\t<\/a>\n\t\t<\/h3>\n\t\t\t\t<div class=\"elementor-post__meta-data\">\n\t\t\t\t\t<span class=\"elementor-post-date\">\n\t\t\t26. Januar 2025\t\t<\/span>\n\t\t\t\t<span class=\"elementor-post-avatar\">\n\t\t\tKeine Kommentare\t\t<\/span>\n\t\t\t\t<\/div>\n\t\t\n\t\t<a class=\"elementor-post__read-more\" href=\"https:\/\/zakk.alias-zhaw.ch\/index.php\/2025\/01\/26\/cluedo-im-vatikan\/\" aria-label=\"Read more about Cluedo im Vatikan\" tabindex=\"-1\" >\n\t\t\tWeiterlesen \u00bb\t\t<\/a>\n\n\t\t\t\t<\/div>\n\t\t\t\t<\/article>\n\t\t\t\t<article class=\"elementor-post elementor-grid-item post-4390 post type-post status-publish format-standard has-post-thumbnail hentry category-allgemein category-artikel category-kultur-freizeit category-zakk-tipp\">\n\t\t\t\t<a class=\"elementor-post__thumbnail__link\" href=\"https:\/\/zakk.alias-zhaw.ch\/index.php\/2025\/01\/03\/jagd-nach-gerechtigkeit\/\" tabindex=\"-1\" >\n\t\t\t<div class=\"elementor-post__thumbnail\"><img decoding=\"async\" width=\"2000\" height=\"1125\" src=\"https:\/\/zakk.alias-zhaw.ch\/wp-content\/uploads\/2025\/01\/THEORDER_FOTO1.webp\" class=\"attachment-full size-full wp-image-4391\" alt=\"\" \/><\/div>\n\t\t<\/a>\n\t\t\t\t<div class=\"elementor-post__text\">\n\t\t\t\t<h3 class=\"elementor-post__title\">\n\t\t\t<a href=\"https:\/\/zakk.alias-zhaw.ch\/index.php\/2025\/01\/03\/jagd-nach-gerechtigkeit\/\" >\n\t\t\t\tJagd nach Gerechtigkeit?\t\t\t<\/a>\n\t\t<\/h3>\n\t\t\t\t<div class=\"elementor-post__meta-data\">\n\t\t\t\t\t<span class=\"elementor-post-date\">\n\t\t\t3. Januar 2025\t\t<\/span>\n\t\t\t\t<span class=\"elementor-post-avatar\">\n\t\t\tKeine Kommentare\t\t<\/span>\n\t\t\t\t<\/div>\n\t\t\n\t\t<a class=\"elementor-post__read-more\" href=\"https:\/\/zakk.alias-zhaw.ch\/index.php\/2025\/01\/03\/jagd-nach-gerechtigkeit\/\" aria-label=\"Read more about Jagd nach Gerechtigkeit?\" tabindex=\"-1\" >\n\t\t\tWeiterlesen \u00bb\t\t<\/a>\n\n\t\t\t\t<\/div>\n\t\t\t\t<\/article>\n\t\t\t\t<article class=\"elementor-post elementor-grid-item post-4375 post type-post status-publish format-standard has-post-thumbnail hentry category-allgemein category-artikel category-kultur-freizeit category-zakk-tipp\">\n\t\t\t\t<a class=\"elementor-post__thumbnail__link\" href=\"https:\/\/zakk.alias-zhaw.ch\/index.php\/2025\/01\/03\/die-schweiz-hat-ihren-braveheart\/\" tabindex=\"-1\" >\n\t\t\t<div class=\"elementor-post__thumbnail\"><img loading=\"lazy\" decoding=\"async\" width=\"1200\" height=\"600\" src=\"https:\/\/zakk.alias-zhaw.ch\/wp-content\/uploads\/2025\/01\/WILLIAMTELL_FOTO1.jpg\" class=\"attachment-full size-full wp-image-4376\" alt=\"\" \/><\/div>\n\t\t<\/a>\n\t\t\t\t<div class=\"elementor-post__text\">\n\t\t\t\t<h3 class=\"elementor-post__title\">\n\t\t\t<a href=\"https:\/\/zakk.alias-zhaw.ch\/index.php\/2025\/01\/03\/die-schweiz-hat-ihren-braveheart\/\" >\n\t\t\t\tDie Schweiz hat ihren Braveheart\t\t\t<\/a>\n\t\t<\/h3>\n\t\t\t\t<div class=\"elementor-post__meta-data\">\n\t\t\t\t\t<span class=\"elementor-post-date\">\n\t\t\t3. Januar 2025\t\t<\/span>\n\t\t\t\t<span class=\"elementor-post-avatar\">\n\t\t\tKeine Kommentare\t\t<\/span>\n\t\t\t\t<\/div>\n\t\t\n\t\t<a class=\"elementor-post__read-more\" href=\"https:\/\/zakk.alias-zhaw.ch\/index.php\/2025\/01\/03\/die-schweiz-hat-ihren-braveheart\/\" aria-label=\"Read more about Die Schweiz hat ihren Braveheart\" tabindex=\"-1\" >\n\t\t\tWeiterlesen \u00bb\t\t<\/a>\n\n\t\t\t\t<\/div>\n\t\t\t\t<\/article>\n\t\t\t\t<article class=\"elementor-post elementor-grid-item post-4353 post type-post status-publish format-standard has-post-thumbnail hentry category-allgemein category-artikel category-kultur-freizeit category-zakk-tipp\">\n\t\t\t\t<a class=\"elementor-post__thumbnail__link\" href=\"https:\/\/zakk.alias-zhaw.ch\/index.php\/2024\/12\/09\/kulturschock-daenemark\/\" tabindex=\"-1\" >\n\t\t\t<div class=\"elementor-post__thumbnail\"><img loading=\"lazy\" decoding=\"async\" width=\"1456\" height=\"818\" src=\"https:\/\/zakk.alias-zhaw.ch\/wp-content\/uploads\/2024\/12\/Bild3-Daenemark.png\" class=\"attachment-full size-full wp-image-4354\" alt=\"\" \/><\/div>\n\t\t<\/a>\n\t\t\t\t<div class=\"elementor-post__text\">\n\t\t\t\t<h3 class=\"elementor-post__title\">\n\t\t\t<a href=\"https:\/\/zakk.alias-zhaw.ch\/index.php\/2024\/12\/09\/kulturschock-daenemark\/\" >\n\t\t\t\tKulturschock: D\u00e4nemark\t\t\t<\/a>\n\t\t<\/h3>\n\t\t\t\t<div class=\"elementor-post__meta-data\">\n\t\t\t\t\t<span class=\"elementor-post-date\">\n\t\t\t9. Dezember 2024\t\t<\/span>\n\t\t\t\t<span class=\"elementor-post-avatar\">\n\t\t\tKeine Kommentare\t\t<\/span>\n\t\t\t\t<\/div>\n\t\t\n\t\t<a class=\"elementor-post__read-more\" href=\"https:\/\/zakk.alias-zhaw.ch\/index.php\/2024\/12\/09\/kulturschock-daenemark\/\" aria-label=\"Read more about Kulturschock: D\u00e4nemark\" tabindex=\"-1\" >\n\t\t\tWeiterlesen \u00bb\t\t<\/a>\n\n\t\t\t\t<\/div>\n\t\t\t\t<\/article>\n\t\t\t\t<article class=\"elementor-post elementor-grid-item post-4346 post type-post status-publish format-standard has-post-thumbnail hentry category-allgemein category-artikel category-kultur-freizeit category-zakk-tipp\">\n\t\t\t\t<a class=\"elementor-post__thumbnail__link\" href=\"https:\/\/zakk.alias-zhaw.ch\/index.php\/2024\/12\/09\/die-schweiz-und-ihre-schuld\/\" tabindex=\"-1\" >\n\t\t\t<div class=\"elementor-post__thumbnail\"><img loading=\"lazy\" decoding=\"async\" width=\"1400\" height=\"840\" src=\"https:\/\/zakk.alias-zhaw.ch\/wp-content\/uploads\/2024\/12\/BILD-1-LANDESVERRATER.jpg\" class=\"attachment-full size-full wp-image-4348\" alt=\"\" \/><\/div>\n\t\t<\/a>\n\t\t\t\t<div class=\"elementor-post__text\">\n\t\t\t\t<h3 class=\"elementor-post__title\">\n\t\t\t<a href=\"https:\/\/zakk.alias-zhaw.ch\/index.php\/2024\/12\/09\/die-schweiz-und-ihre-schuld\/\" >\n\t\t\t\tDie Schweiz und ihre Schuld\t\t\t<\/a>\n\t\t<\/h3>\n\t\t\t\t<div class=\"elementor-post__meta-data\">\n\t\t\t\t\t<span class=\"elementor-post-date\">\n\t\t\t9. Dezember 2024\t\t<\/span>\n\t\t\t\t<span class=\"elementor-post-avatar\">\n\t\t\tKeine Kommentare\t\t<\/span>\n\t\t\t\t<\/div>\n\t\t\n\t\t<a class=\"elementor-post__read-more\" href=\"https:\/\/zakk.alias-zhaw.ch\/index.php\/2024\/12\/09\/die-schweiz-und-ihre-schuld\/\" aria-label=\"Read more about Die Schweiz und ihre Schuld\" tabindex=\"-1\" >\n\t\t\tWeiterlesen \u00bb\t\t<\/a>\n\n\t\t\t\t<\/div>\n\t\t\t\t<\/article>\n\t\t\t\t<article class=\"elementor-post elementor-grid-item post-4333 post type-post status-publish format-standard has-post-thumbnail hentry category-allgemein category-artikel category-kultur-freizeit category-zakk-tipp\">\n\t\t\t\t<a class=\"elementor-post__thumbnail__link\" href=\"https:\/\/zakk.alias-zhaw.ch\/index.php\/2024\/12\/09\/kulturschock-schottland\/\" tabindex=\"-1\" >\n\t\t\t<div class=\"elementor-post__thumbnail\"><img loading=\"lazy\" decoding=\"async\" width=\"632\" height=\"356\" src=\"https:\/\/zakk.alias-zhaw.ch\/wp-content\/uploads\/2024\/12\/Bild1-Scottland.jpg\" class=\"attachment-full size-full wp-image-4334\" alt=\"\" \/><\/div>\n\t\t<\/a>\n\t\t\t\t<div class=\"elementor-post__text\">\n\t\t\t\t<h3 class=\"elementor-post__title\">\n\t\t\t<a href=\"https:\/\/zakk.alias-zhaw.ch\/index.php\/2024\/12\/09\/kulturschock-schottland\/\" >\n\t\t\t\tKulturschock: Schottland\t\t\t<\/a>\n\t\t<\/h3>\n\t\t\t\t<div class=\"elementor-post__meta-data\">\n\t\t\t\t\t<span class=\"elementor-post-date\">\n\t\t\t9. Dezember 2024\t\t<\/span>\n\t\t\t\t<span class=\"elementor-post-avatar\">\n\t\t\tKeine Kommentare\t\t<\/span>\n\t\t\t\t<\/div>\n\t\t\n\t\t<a class=\"elementor-post__read-more\" href=\"https:\/\/zakk.alias-zhaw.ch\/index.php\/2024\/12\/09\/kulturschock-schottland\/\" aria-label=\"Read more about Kulturschock: Schottland\" tabindex=\"-1\" >\n\t\t\tWeiterlesen \u00bb\t\t<\/a>\n\n\t\t\t\t<\/div>\n\t\t\t\t<\/article>\n\t\t\t\t<\/div>\n\t\t\n\t\t\t\t\t\t<\/div>\n\t\t\t\t<\/div>\n\t\t\t\t<div class=\"elementor-element elementor-element-4a6d2b32 elementor-widget-divider--view-line elementor-widget elementor-widget-divider\" data-id=\"4a6d2b32\" data-element_type=\"widget\" data-widget_type=\"divider.default\">\n\t\t\t\t<div class=\"elementor-widget-container\">\n\t\t\t\t\t\t\t<div class=\"elementor-divider\">\n\t\t\t<span class=\"elementor-divider-separator\">\n\t\t\t\t\t\t<\/span>\n\t\t<\/div>\n\t\t\t\t\t\t<\/div>\n\t\t\t\t<\/div>\n\t\t\t\t\t<\/div>\n\t\t<\/div>\n\t\t\t\t\t<\/div>\n\t\t<\/section>\n\t\t\t\t<\/div>\n\t\t","protected":false},"excerpt":{"rendered":"<p>ZAKK-Tipp Von Filmen \u00fcber B\u00fccher bis hin zu Podcasts &#8211; hier erf\u00e4hrst du unsere heissesten Tipps, was gerade zu sehen, lesen<\/p>\n","protected":false},"author":12,"featured_media":0,"parent":0,"menu_order":0,"comment_status":"closed","ping_status":"closed","template":"","meta":{"footnotes":""},"class_list":["post-2050","page","type-page","status-publish","hentry"],"_links":{"self":[{"href":"https:\/\/zakk.alias-zhaw.ch\/index.php\/wp-json\/wp\/v2\/pages\/2050","targetHints":{"allow":["GET"]}}],"collection":[{"href":"https:\/\/zakk.alias-zhaw.ch\/index.php\/wp-json\/wp\/v2\/pages"}],"about":[{"href":"https:\/\/zakk.alias-zhaw.ch\/index.php\/wp-json\/wp\/v2\/types\/page"}],"author":[{"embeddable":true,"href":"https:\/\/zakk.alias-zhaw.ch\/index.php\/wp-json\/wp\/v2\/users\/12"}],"replies":[{"embeddable":true,"href":"https:\/\/zakk.alias-zhaw.ch\/index.php\/wp-json\/wp\/v2\/comments?post=2050"}],"version-history":[{"count":40,"href":"https:\/\/zakk.alias-zhaw.ch\/index.php\/wp-json\/wp\/v2\/pages\/2050\/revisions"}],"predecessor-version":[{"id":4476,"href":"https:\/\/zakk.alias-zhaw.ch\/index.php\/wp-json\/wp\/v2\/pages\/2050\/revisions\/4476"}],"wp:attachment":[{"href":"https:\/\/zakk.alias-zhaw.ch\/index.php\/wp-json\/wp\/v2\/media?parent=2050"}],"curies":[{"name":"wp","href":"https:\/\/api.w.org\/{rel}","templated":true}]}}